{"id":1173,"date":"2025-04-16T12:43:19","date_gmt":"2025-04-16T12:43:19","guid":{"rendered":"https:\/\/specht-projects.com\/?page_id=1173"},"modified":"2025-04-23T10:21:18","modified_gmt":"2025-04-23T10:21:18","slug":"projekt-dokumenten-management","status":"publish","type":"page","link":"https:\/\/specht-projects.com\/en\/projekt-dokumenten-management\/","title":{"rendered":"Projekt: Dokumenten-Management"},"content":{"rendered":"\t\t<div data-elementor-type=\"wp-page\" data-elementor-id=\"1173\" class=\"elementor elementor-1173\" data-elementor-post-type=\"page\">\n\t\t\t\t<div class=\"elementor-element elementor-element-8873de0 e-flex e-con-boxed e-con e-parent\" data-id=\"8873de0\" data-element_type=\"container\" data-e-type=\"container\" id=\"kernleistungen\">\n\t\t\t\t\t<div class=\"e-con-inner\">\n\t\t<div class=\"elementor-element elementor-element-344b338 e-flex e-con-boxed e-con e-child\" data-id=\"344b338\" data-element_type=\"container\" data-e-type=\"container\">\n\t\t\t\t\t<div class=\"e-con-inner\">\n\t\t\t\t<div class=\"elementor-element elementor-element-907f59c elementor-widget elementor-widget-heading\" data-id=\"907f59c\" data-element_type=\"widget\" data-e-type=\"widget\" data-widget_type=\"heading.default\">\n\t\t\t\t<div class=\"elementor-widget-container\">\n\t\t\t\t\t<h2 class=\"elementor-heading-title elementor-size-default\">Ausgangssituation:<\/h2>\t\t\t\t<\/div>\n\t\t\t\t<\/div>\n\t\t\t\t<div class=\"elementor-element elementor-element-c553aeb elementor-widget elementor-widget-text-editor\" data-id=\"c553aeb\" data-element_type=\"widget\" data-e-type=\"widget\" data-widget_type=\"text-editor.default\">\n\t\t\t\t<div class=\"elementor-widget-container\">\n\t\t\t\t\t\t\t\t\t<p class=\"p1\">Ein international t\u00e4tiger Automobilzulieferer sah sich in den USA mit einer Produkthaftungsklage im zweistelligen Millionenbereich konfrontiert \u2013 und konnte zahlreiche relevante Dokumente nicht mehr auffinden. Wie in vielen Unternehmen wurde das Thema Dokumenten-Management jahrelang vernachl\u00e4ssigt. Die Folge: steigende rechtliche Risiken, sinkende Effizienz und wachsende Frustration bei den Mitarbeitenden.<\/p>\t\t\t\t\t\t\t\t<\/div>\n\t\t\t\t<\/div>\n\t\t\t\t\t<\/div>\n\t\t\t\t<\/div>\n\t\t\t\t\t<\/div>\n\t\t\t\t<\/div>\n\t\t<div class=\"elementor-element elementor-element-7a09a59 shadowBox e-flex e-con-boxed e-con e-parent\" data-id=\"7a09a59\" data-element_type=\"container\" data-e-type=\"container\" data-settings=\"{&quot;background_background&quot;:&quot;classic&quot;,&quot;shape_divider_top&quot;:&quot;triangle&quot;,&quot;shape_divider_bottom&quot;:&quot;triangle&quot;,&quot;shape_divider_bottom_negative&quot;:&quot;yes&quot;}\">\n\t\t\t\t\t<div class=\"e-con-inner\">\n\t\t\t\t<div class=\"elementor-shape elementor-shape-top\" aria-hidden=\"true\" data-negative=\"false\">\n\t\t\t<svg xmlns=\"http:\/\/www.w3.org\/2000\/svg\" viewBox=\"0 0 1000 100\" preserveAspectRatio=\"none\">\n\t<path class=\"elementor-shape-fill\" d=\"M500,98.9L0,6.1V0h1000v6.1L500,98.9z\"\/>\n<\/svg>\t\t<\/div>\n\t\t\t\t<div class=\"elementor-shape elementor-shape-bottom\" aria-hidden=\"true\" data-negative=\"true\">\n\t\t\t<svg xmlns=\"http:\/\/www.w3.org\/2000\/svg\" viewBox=\"0 0 1000 100\" preserveAspectRatio=\"none\">\n\t<path class=\"elementor-shape-fill\" d=\"M500.2,94.7L0,0v100h1000V0L500.2,94.7z\"\/>\n<\/svg>\t\t<\/div>\n\t\t<div class=\"elementor-element elementor-element-6d18415 e-flex e-con-boxed e-con e-child\" data-id=\"6d18415\" data-element_type=\"container\" data-e-type=\"container\">\n\t\t\t\t\t<div class=\"e-con-inner\">\n\t\t\t\t<div class=\"elementor-element elementor-element-f6a8bc3 elementor-widget elementor-widget-spacer\" data-id=\"f6a8bc3\" data-element_type=\"widget\" data-e-type=\"widget\" data-widget_type=\"spacer.default\">\n\t\t\t\t<div class=\"elementor-widget-container\">\n\t\t\t\t\t\t\t<div class=\"elementor-spacer\">\n\t\t\t<div class=\"elementor-spacer-inner\"><\/div>\n\t\t<\/div>\n\t\t\t\t\t\t<\/div>\n\t\t\t\t<\/div>\n\t\t\t\t<div class=\"elementor-element elementor-element-74667ac elementor-widget elementor-widget-heading\" data-id=\"74667ac\" data-element_type=\"widget\" data-e-type=\"widget\" data-widget_type=\"heading.default\">\n\t\t\t\t<div class=\"elementor-widget-container\">\n\t\t\t\t\t<h2 class=\"elementor-heading-title elementor-size-default\">L\u00f6sungsansatz:<\/h2>\t\t\t\t<\/div>\n\t\t\t\t<\/div>\n\t\t\t\t<div class=\"elementor-element elementor-element-cbb97da elementor-widget elementor-widget-text-editor\" data-id=\"cbb97da\" data-element_type=\"widget\" data-e-type=\"widget\" data-widget_type=\"text-editor.default\">\n\t\t\t\t<div class=\"elementor-widget-container\">\n\t\t\t\t\t\t\t\t\t<ul><li value=\"1\"><strong>Standort\u00fcbergreifendes Audit<\/strong><\/li><\/ul><p class=\"p1\">Um Transparenz \u00fcber die bestehende Dokumentenlandschaft zu schaffen, wurde ein mehrstufiges Audit-Konzept entwickelt. Mit einem von mir entworfenen Selbstaudit konnten die Standorte ihren Ist-Zustand systematisch erfassen \u2013 ohne Vor-Ort-Besuche. In Workshops mit den Abteilungen wurden typische Dokumentenfl\u00fcsse analysiert, Anforderungen identifiziert und Risiken bewertet.<\/p><ul><li value=\"1\"><p class=\"p1\"><strong>Individuelle Struktur statt Standardl\u00f6sung<\/strong><\/p><\/li><\/ul><p class=\"p1\">Basierend auf den Ergebnissen wurden passgenaue Ma\u00dfnahmen je Standort und Abteilung entwickelt. Dabei galt: Nicht analoge Unordnung digital abbilden \u2013 sondern klare Strukturen schaffen. In einem Fall f\u00fchrte dies zum vollst\u00e4ndigen Neuaufbau der SAP-Stammdaten, den ich koordiniert habe.<\/p><ul><li value=\"1\"><p class=\"p1\"><strong>Rechtssicherheit durch klare Vorgaben<\/strong><\/p><\/li><\/ul><p class=\"p1\">Neben organisatorischen Standards wurden auch rechtliche Vorgaben ber\u00fccksichtigt \u2013 etwa zur Aufbewahrungspflicht technischer Zeichnungen, Vertr\u00e4ge oder HR-Daten. So konnten auch standortspezifische Anforderungen, wie sie z.\u202fB. von OEMs wie Porsche gestellt werden, systematisch abgedeckt werden.<\/p>\t\t\t\t\t\t\t\t<\/div>\n\t\t\t\t<\/div>\n\t\t\t\t<div class=\"elementor-element elementor-element-6643855 elementor-widget elementor-widget-spacer\" data-id=\"6643855\" data-element_type=\"widget\" data-e-type=\"widget\" data-widget_type=\"spacer.default\">\n\t\t\t\t<div class=\"elementor-widget-container\">\n\t\t\t\t\t\t\t<div class=\"elementor-spacer\">\n\t\t\t<div class=\"elementor-spacer-inner\"><\/div>\n\t\t<\/div>\n\t\t\t\t\t\t<\/div>\n\t\t\t\t<\/div>\n\t\t\t\t\t<\/div>\n\t\t\t\t<\/div>\n\t\t\t\t\t<\/div>\n\t\t\t\t<\/div>\n\t\t<div class=\"elementor-element elementor-element-4aaea11 e-flex e-con-boxed e-con e-parent\" data-id=\"4aaea11\" data-element_type=\"container\" data-e-type=\"container\">\n\t\t\t\t\t<div class=\"e-con-inner\">\n\t\t<div class=\"elementor-element elementor-element-f67a172 e-flex e-con-boxed e-con e-child\" data-id=\"f67a172\" data-element_type=\"container\" data-e-type=\"container\">\n\t\t\t\t\t<div class=\"e-con-inner\">\n\t\t\t\t<div class=\"elementor-element elementor-element-586debc elementor-widget elementor-widget-heading\" data-id=\"586debc\" data-element_type=\"widget\" data-e-type=\"widget\" data-widget_type=\"heading.default\">\n\t\t\t\t<div class=\"elementor-widget-container\">\n\t\t\t\t\t<h2 class=\"elementor-heading-title elementor-size-default\">Ergebnis:<\/h2>\t\t\t\t<\/div>\n\t\t\t\t<\/div>\n\t\t\t\t<div class=\"elementor-element elementor-element-8af8084 elementor-widget elementor-widget-text-editor\" data-id=\"8af8084\" data-element_type=\"widget\" data-e-type=\"widget\" data-widget_type=\"text-editor.default\">\n\t\t\t\t<div class=\"elementor-widget-container\">\n\t\t\t\t\t\t\t\t\t<div class=\"gs\"><div class=\"\"><div id=\":px\" class=\"ii gt\"><div id=\":pw\" class=\"a3s aiL \"><div dir=\"auto\"><p class=\"p1\">Das neue Dokumenten-Management f\u00fchrte nicht nur zu deutlich verbesserter Auffindbarkeit und h\u00f6herer Datensicherheit, sondern senkte auch das rechtliche Risiko sp\u00fcrbar. Gleichzeitig konnten unproduktive Arbeitszeiten reduziert und Prozesse standort\u00fcbergreifend vereinheitlicht werden. Der Fall zeigt: Wer heute strukturiert, spart morgen \u2013 nicht nur Zeit, sondern auch Millionen.<\/p><\/div><\/div><\/div><\/div><\/div>\t\t\t\t\t\t\t\t<\/div>\n\t\t\t\t<\/div>\n\t\t\t\t<div class=\"elementor-element elementor-element-f0248b4 elementor-align-left elementor-widget elementor-widget-button\" data-id=\"f0248b4\" data-element_type=\"widget\" data-e-type=\"widget\" data-widget_type=\"button.default\">\n\t\t\t\t<div class=\"elementor-widget-container\">\n\t\t\t\t\t\t\t\t\t<div class=\"elementor-button-wrapper\">\n\t\t\t\t\t<a class=\"elementor-button elementor-button-link elementor-size-sm\" href=\"https:\/\/specht-projects.com\/kontakt\/\">\n\t\t\t\t\t\t<span class=\"elementor-button-content-wrapper\">\n\t\t\t\t\t\t\t\t\t<span class=\"elementor-button-text\">Lassen Sie uns sprechen<\/span>\n\t\t\t\t\t<\/span>\n\t\t\t\t\t<\/a>\n\t\t\t\t<\/div>\n\t\t\t\t\t\t\t\t<\/div>\n\t\t\t\t<\/div>\n\t\t\t\t\t<\/div>\n\t\t\t\t<\/div>\n\t\t\t\t\t<\/div>\n\t\t\t\t<\/div>\n\t\t<div class=\"elementor-element elementor-element-da5ceed e-flex e-con-boxed e-con e-parent\" data-id=\"da5ceed\" data-element_type=\"container\" data-e-type=\"container\">\n\t\t\t\t\t<div class=\"e-con-inner\">\n\t\t\t\t<div class=\"elementor-element elementor-element-3611151 elementor-arrows-position-outside projects elementor-hidden-mobile elementor-pagination-type-bullets elementor-pagination-position-outside elementor-widget elementor-widget-n-carousel\" data-id=\"3611151\" data-element_type=\"widget\" data-e-type=\"widget\" data-settings=\"{&quot;carousel_items&quot;:[{&quot;slide_title&quot;:&quot;Slide #1&quot;,&quot;_id&quot;:&quot;c1b7c4a&quot;},{&quot;slide_title&quot;:&quot;Slide #2&quot;,&quot;_id&quot;:&quot;152c3c9&quot;}],&quot;slides_to_show&quot;:&quot;2&quot;,&quot;slides_to_scroll&quot;:&quot;1&quot;,&quot;speed&quot;:5000,&quot;offset_sides&quot;:&quot;both&quot;,&quot;slides_to_show_tablet&quot;:&quot;1&quot;,&quot;slides_to_scroll_mobile&quot;:&quot;1&quot;,&quot;slides_to_show_mobile&quot;:&quot;1&quot;,&quot;infinite&quot;:&quot;yes&quot;,&quot;offset_width&quot;:{&quot;unit&quot;:&quot;px&quot;,&quot;size&quot;:80,&quot;sizes&quot;:[]},&quot;offset_width_tablet&quot;:{&quot;unit&quot;:&quot;px&quot;,&quot;size&quot;:&quot;&quot;,&quot;sizes&quot;:[]},&quot;offset_width_mobile&quot;:{&quot;unit&quot;:&quot;px&quot;,&quot;size&quot;:&quot;&quot;,&quot;sizes&quot;:[]},&quot;arrows&quot;:&quot;yes&quot;,&quot;pagination&quot;:&quot;bullets&quot;,&quot;image_spacing_custom&quot;:{&quot;unit&quot;:&quot;px&quot;,&quot;size&quot;:10,&quot;sizes&quot;:[]},&quot;image_spacing_custom_tablet&quot;:{&quot;unit&quot;:&quot;px&quot;,&quot;size&quot;:&quot;&quot;,&quot;sizes&quot;:[]},&quot;image_spacing_custom_mobile&quot;:{&quot;unit&quot;:&quot;px&quot;,&quot;size&quot;:&quot;&quot;,&quot;sizes&quot;:[]}}\" data-widget_type=\"nested-carousel.default\">\n\t\t\t\t<div class=\"elementor-widget-container\">\n\t\t\t\t\t\t\t<div class=\"e-n-carousel swiper\" role=\"region\" aria-roledescription=\"carousel\" aria-label=\"Karussell\" dir=\"ltr\">\n\t\t\t<div class=\"swiper-wrapper\" aria-live=\"polite\">\n\t\t\t\t\t\t\t\t\t\t<div class=\"swiper-slide\" data-slide=\"1\" role=\"group\" aria-roledescription=\"slide\" aria-label=\"1 von 2\">\n\t\t\t\t\t\t\t<div class=\"elementor-element elementor-element-de11c33 e-flex e-con-boxed e-con e-child\" data-id=\"de11c33\" data-element_type=\"container\" data-e-type=\"container\">\n\t\t\t\t\t<div class=\"e-con-inner\">\n\t\t<div class=\"elementor-element elementor-element-2ea97b8 e-con-full e-flex e-con e-child\" data-id=\"2ea97b8\" data-element_type=\"container\" data-e-type=\"container\" data-settings=\"{&quot;background_background&quot;:&quot;classic&quot;}\">\n\t\t<div class=\"elementor-element elementor-element-8c453ef e-con-full projectBox e-flex e-con e-child\" data-id=\"8c453ef\" data-element_type=\"container\" data-e-type=\"container\" data-settings=\"{&quot;background_background&quot;:&quot;classic&quot;}\">\n\t\t\t\t<div class=\"elementor-element elementor-element-ad611c1 elementor-widget elementor-widget-heading\" data-id=\"ad611c1\" data-element_type=\"widget\" data-e-type=\"widget\" data-widget_type=\"heading.default\">\n\t\t\t\t<div class=\"elementor-widget-container\">\n\t\t\t\t\t<h4 class=\"elementor-heading-title elementor-size-default\">Standort-<br>Verlagerung<\/h4>\t\t\t\t<\/div>\n\t\t\t\t<\/div>\n\t\t\t\t<div class=\"elementor-element elementor-element-28def01 elementor-widget elementor-widget-text-editor\" data-id=\"28def01\" data-element_type=\"widget\" data-e-type=\"widget\" data-widget_type=\"text-editor.default\">\n\t\t\t\t<div class=\"elementor-widget-container\">\n\t\t\t\t\t\t\t\t\t<p>Die Reinraum-Produktion f\u00fcr Kunststoffkomponenten wurde <strong>in drei Monaten von Deutschland in die Slowakei verlagert<\/strong>, inklusive Ramp-up der Wafer-Betriebsmittel, Digitalisierung der Prozessdaten, ERP-Anpassungen sowie Schulung des Teams.<\/p>\t\t\t\t\t\t\t\t<\/div>\n\t\t\t\t<\/div>\n\t\t\t\t<div class=\"elementor-element elementor-element-f091cce elementor-widget elementor-widget-button\" data-id=\"f091cce\" data-element_type=\"widget\" data-e-type=\"widget\" data-widget_type=\"button.default\">\n\t\t\t\t<div class=\"elementor-widget-container\">\n\t\t\t\t\t\t\t\t\t<div class=\"elementor-button-wrapper\">\n\t\t\t\t\t<a class=\"elementor-button elementor-button-link elementor-size-sm\" href=\"https:\/\/specht-projects.com\/projekt-standort-verlagerung\/\">\n\t\t\t\t\t\t<span class=\"elementor-button-content-wrapper\">\n\t\t\t\t\t\t\t\t\t<span class=\"elementor-button-text\">Mehr lesen<\/span>\n\t\t\t\t\t<\/span>\n\t\t\t\t\t<\/a>\n\t\t\t\t<\/div>\n\t\t\t\t\t\t\t\t<\/div>\n\t\t\t\t<\/div>\n\t\t\t\t<\/div>\n\t\t\t\t<\/div>\n\t\t\t\t\t<\/div>\n\t\t\t\t<\/div>\n\t\t\t\t\t\t\t\t<\/div>\n\t\t\t\t\t\t\t\t\t\t\t<div class=\"swiper-slide\" data-slide=\"2\" role=\"group\" aria-roledescription=\"slide\" aria-label=\"2 von 2\">\n\t\t\t\t\t\t\t<div class=\"elementor-element elementor-element-1cd3318 e-flex e-con-boxed e-con e-child\" data-id=\"1cd3318\" data-element_type=\"container\" data-e-type=\"container\">\n\t\t\t\t\t<div class=\"e-con-inner\">\n\t\t<div class=\"elementor-element elementor-element-58d1bf6 e-con-full e-flex e-con e-child\" data-id=\"58d1bf6\" data-element_type=\"container\" data-e-type=\"container\" data-settings=\"{&quot;background_background&quot;:&quot;classic&quot;}\">\n\t\t<div class=\"elementor-element elementor-element-852e338 e-con-full projectBox e-flex e-con e-child\" data-id=\"852e338\" data-element_type=\"container\" data-e-type=\"container\" data-settings=\"{&quot;background_background&quot;:&quot;classic&quot;}\">\n\t\t\t\t<div class=\"elementor-element elementor-element-eb0bc26 elementor-widget elementor-widget-heading\" data-id=\"eb0bc26\" data-element_type=\"widget\" data-e-type=\"widget\" data-widget_type=\"heading.default\">\n\t\t\t\t<div class=\"elementor-widget-container\">\n\t\t\t\t\t<h4 class=\"elementor-heading-title elementor-size-default\">Fl\u00e4chen-<br>Optmierung<\/h4>\t\t\t\t<\/div>\n\t\t\t\t<\/div>\n\t\t\t\t<div class=\"elementor-element elementor-element-4faab04 elementor-widget elementor-widget-text-editor\" data-id=\"4faab04\" data-element_type=\"widget\" data-e-type=\"widget\" data-widget_type=\"text-editor.default\">\n\t\t\t\t<div class=\"elementor-widget-container\">\n\t\t\t\t\t\t\t\t\t<p>Durch die Optimierung der Geb\u00e4udeinfrastruktur und eine <strong>Fl\u00e4chenreduzierung um 30 %<\/strong> konnten <strong>1,9 Mio. Euro<\/strong> an Investitionen <strong>eingespart<\/strong> werden. Zudem wurde ein neuer Auftrag im Anlagenbau ohne zus\u00e4tzliche Investitionen realisiert.<\/p>\t\t\t\t\t\t\t\t<\/div>\n\t\t\t\t<\/div>\n\t\t\t\t<div class=\"elementor-element elementor-element-4981fbd elementor-widget elementor-widget-button\" data-id=\"4981fbd\" data-element_type=\"widget\" data-e-type=\"widget\" data-widget_type=\"button.default\">\n\t\t\t\t<div class=\"elementor-widget-container\">\n\t\t\t\t\t\t\t\t\t<div class=\"elementor-button-wrapper\">\n\t\t\t\t\t<a class=\"elementor-button elementor-button-link elementor-size-sm\" href=\"https:\/\/specht-projects.com\/projekt-flaechen-optimierung\/\">\n\t\t\t\t\t\t<span class=\"elementor-button-content-wrapper\">\n\t\t\t\t\t\t\t\t\t<span class=\"elementor-button-text\">Mehr lesen<\/span>\n\t\t\t\t\t<\/span>\n\t\t\t\t\t<\/a>\n\t\t\t\t<\/div>\n\t\t\t\t\t\t\t\t<\/div>\n\t\t\t\t<\/div>\n\t\t\t\t<\/div>\n\t\t\t\t<\/div>\n\t\t\t\t\t<\/div>\n\t\t\t\t<\/div>\n\t\t\t\t\t\t\t\t<\/div>\n\t\t\t\t\t\t\t\t<\/div>\n\t\t<\/div>\n\t\t\t\t\t<div class=\"elementor-swiper-button elementor-swiper-button-prev\" role=\"button\" tabindex=\"0\" aria-label=\"Voriger\">\n\t\t\t\t<svg aria-hidden=\"true\" class=\"e-font-icon-svg e-eicon-chevron-left\" viewBox=\"0 0 1000 1000\" xmlns=\"http:\/\/www.w3.org\/2000\/svg\"><path d=\"M646 125C629 125 613 133 604 142L308 442C296 454 292 471 292 487 292 504 296 521 308 533L604 854C617 867 629 875 646 875 663 875 679 871 692 858 704 846 713 829 713 812 713 796 708 779 692 767L438 487 692 225C700 217 708 204 708 187 708 171 704 154 692 142 675 129 663 125 646 125Z\"><\/path><\/svg>\t\t\t<\/div>\n\t\t\t<div class=\"elementor-swiper-button elementor-swiper-button-next\" role=\"button\" tabindex=\"0\" aria-label=\"N\u00e4chster\">\n\t\t\t\t<svg aria-hidden=\"true\" class=\"e-font-icon-svg e-eicon-chevron-right\" viewBox=\"0 0 1000 1000\" xmlns=\"http:\/\/www.w3.org\/2000\/svg\"><path d=\"M696 533C708 521 713 504 713 487 713 471 708 454 696 446L400 146C388 133 375 125 354 125 338 125 325 129 313 142 300 154 292 171 292 187 292 204 296 221 308 233L563 492 304 771C292 783 288 800 288 817 288 833 296 850 308 863 321 871 338 875 354 875 371 875 388 867 400 854L696 533Z\"><\/path><\/svg>\t\t\t<\/div>\n\t\t\t\t\t<div class=\"swiper-pagination\"><\/div>\n\t\t\t\t\t\t<\/div>\n\t\t\t\t<\/div>\n\t\t<div class=\"elementor-element elementor-element-30aea1f e-con-full projectBox elementor-hidden-desktop elementor-hidden-tablet e-flex e-con e-child\" data-id=\"30aea1f\" data-element_type=\"container\" data-e-type=\"container\" data-settings=\"{&quot;background_background&quot;:&quot;classic&quot;}\">\n\t\t\t\t<div class=\"elementor-element elementor-element-7afbc78 elementor-widget elementor-widget-heading\" data-id=\"7afbc78\" data-element_type=\"widget\" data-e-type=\"widget\" data-widget_type=\"heading.default\">\n\t\t\t\t<div class=\"elementor-widget-container\">\n\t\t\t\t\t<h4 class=\"elementor-heading-title elementor-size-default\">Standort-<br>Verlagerung<\/h4>\t\t\t\t<\/div>\n\t\t\t\t<\/div>\n\t\t\t\t<div class=\"elementor-element elementor-element-1155beb elementor-widget elementor-widget-text-editor\" data-id=\"1155beb\" data-element_type=\"widget\" data-e-type=\"widget\" data-widget_type=\"text-editor.default\">\n\t\t\t\t<div class=\"elementor-widget-container\">\n\t\t\t\t\t\t\t\t\t<p>Die Reinraum-Produktion f\u00fcr Kunststoffkomponenten wurde <strong>in drei Monaten von Deutschland in die Slowakei verlagert<\/strong>, inklusive Ramp-up der Wafer-Betriebsmittel, Digitalisierung der Prozessdaten, ERP-Anpassungen sowie Schulung des Teams.<\/p>\t\t\t\t\t\t\t\t<\/div>\n\t\t\t\t<\/div>\n\t\t\t\t<div class=\"elementor-element elementor-element-51d0147 elementor-widget elementor-widget-button\" data-id=\"51d0147\" data-element_type=\"widget\" data-e-type=\"widget\" data-widget_type=\"button.default\">\n\t\t\t\t<div class=\"elementor-widget-container\">\n\t\t\t\t\t\t\t\t\t<div class=\"elementor-button-wrapper\">\n\t\t\t\t\t<a class=\"elementor-button elementor-button-link elementor-size-sm\" href=\"https:\/\/specht-projects.com\/projekt-standort-verlagerung\/\">\n\t\t\t\t\t\t<span class=\"elementor-button-content-wrapper\">\n\t\t\t\t\t\t\t\t\t<span class=\"elementor-button-text\">Mehr lesen<\/span>\n\t\t\t\t\t<\/span>\n\t\t\t\t\t<\/a>\n\t\t\t\t<\/div>\n\t\t\t\t\t\t\t\t<\/div>\n\t\t\t\t<\/div>\n\t\t\t\t<\/div>\n\t\t<div class=\"elementor-element elementor-element-b4458b8 e-con-full projectBox elementor-hidden-desktop elementor-hidden-tablet e-flex e-con e-child\" data-id=\"b4458b8\" data-element_type=\"container\" data-e-type=\"container\" data-settings=\"{&quot;background_background&quot;:&quot;classic&quot;}\">\n\t\t\t\t<div class=\"elementor-element elementor-element-c02380e elementor-widget elementor-widget-heading\" data-id=\"c02380e\" data-element_type=\"widget\" data-e-type=\"widget\" data-widget_type=\"heading.default\">\n\t\t\t\t<div class=\"elementor-widget-container\">\n\t\t\t\t\t<h4 class=\"elementor-heading-title elementor-size-default\">Fl\u00e4chen-<br>Optmierung<\/h4>\t\t\t\t<\/div>\n\t\t\t\t<\/div>\n\t\t\t\t<div class=\"elementor-element elementor-element-e4b1332 elementor-widget elementor-widget-text-editor\" data-id=\"e4b1332\" data-element_type=\"widget\" data-e-type=\"widget\" data-widget_type=\"text-editor.default\">\n\t\t\t\t<div class=\"elementor-widget-container\">\n\t\t\t\t\t\t\t\t\t<p>Durch die Optimierung der Geb\u00e4udeinfrastruktur und eine <strong>Fl\u00e4chenreduzierung um 30 %<\/strong> konnten <strong>1,9 Mio. Euro<\/strong> an Investitionen <strong>eingespart<\/strong> werden. Zudem wurde ein neuer Auftrag im Anlagenbau ohne zus\u00e4tzliche Investitionen realisiert.<\/p>\t\t\t\t\t\t\t\t<\/div>\n\t\t\t\t<\/div>\n\t\t\t\t<div class=\"elementor-element elementor-element-582c5ef elementor-widget elementor-widget-button\" data-id=\"582c5ef\" data-element_type=\"widget\" data-e-type=\"widget\" data-widget_type=\"button.default\">\n\t\t\t\t<div class=\"elementor-widget-container\">\n\t\t\t\t\t\t\t\t\t<div class=\"elementor-button-wrapper\">\n\t\t\t\t\t<a class=\"elementor-button elementor-button-link elementor-size-sm\" href=\"https:\/\/specht-projects.com\/projekt-flaechen-optimierung\/\">\n\t\t\t\t\t\t<span class=\"elementor-button-content-wrapper\">\n\t\t\t\t\t\t\t\t\t<span class=\"elementor-button-text\">Mehr lesen<\/span>\n\t\t\t\t\t<\/span>\n\t\t\t\t\t<\/a>\n\t\t\t\t<\/div>\n\t\t\t\t\t\t\t\t<\/div>\n\t\t\t\t<\/div>\n\t\t\t\t<\/div>\n\t\t\t\t\t<\/div>\n\t\t\t\t<\/div>\n\t\t\t\t<\/div>\n\t\t","protected":false},"excerpt":{"rendered":"<p>Ausgangssituation: Ein international t\u00e4tiger Automobilzulieferer sah sich in den USA mit einer Produkthaftungsklage im zweistelligen Millionenbereich konfrontiert \u2013 und konnte zahlreiche relevante Dokumente nicht mehr auffinden. Wie in vielen Unternehmen wurde das Thema Dokumenten-Management jahrelang vernachl\u00e4ssigt. Die Folge: steigende rechtliche Risiken, sinkende Effizienz und wachsende Frustration bei den Mitarbeitenden. L\u00f6sungsansatz: Standort\u00fcbergreifendes Audit Um Transparenz \u00fcber [&hellip;]<\/p>\n","protected":false},"author":1,"featured_media":0,"parent":0,"menu_order":0,"comment_status":"closed","ping_status":"closed","template":"elementor_header_footer","meta":{"footnotes":""},"class_list":["post-1173","page","type-page","status-publish","hentry"],"_links":{"self":[{"href":"https:\/\/specht-projects.com\/en\/wp-json\/wp\/v2\/pages\/1173","targetHints":{"allow":["GET"]}}],"collection":[{"href":"https:\/\/specht-projects.com\/en\/wp-json\/wp\/v2\/pages"}],"about":[{"href":"https:\/\/specht-projects.com\/en\/wp-json\/wp\/v2\/types\/page"}],"author":[{"embeddable":true,"href":"https:\/\/specht-projects.com\/en\/wp-json\/wp\/v2\/users\/1"}],"replies":[{"embeddable":true,"href":"https:\/\/specht-projects.com\/en\/wp-json\/wp\/v2\/comments?post=1173"}],"version-history":[{"count":0,"href":"https:\/\/specht-projects.com\/en\/wp-json\/wp\/v2\/pages\/1173\/revisions"}],"wp:attachment":[{"href":"https:\/\/specht-projects.com\/en\/wp-json\/wp\/v2\/media?parent=1173"}],"curies":[{"name":"wp","href":"https:\/\/api.w.org\/{rel}","templated":true}]}}